{"id":250,"date":"2025-11-13T21:25:04","date_gmt":"2025-11-13T20:25:04","guid":{"rendered":"https:\/\/cyclospattes.org\/?page_id=250"},"modified":"2026-03-29T19:30:34","modified_gmt":"2026-03-29T17:30:34","slug":"revue-de-presse-2","status":"publish","type":"page","link":"https:\/\/cyclospattes.org\/index.php\/revue-de-presse-2\/","title":{"rendered":"Revue de presse"},"content":{"rendered":"\n<div class=\"wp-block-ive-tabs alignnone\"><div class=\"ive-tabs-wrap ive-tabs-id_67ff11-72 ive-tabs-has-6-tabs ive-active-tab-2 ive-tabs-layout-tabs ive-tabs-tablet-layout-inherit ive-tabs-mobile-layout-inherit ive-tab-alignment-left \"><ul class=\"ive-tabs-title-list ive-tabs-list-columns ive-tab-title-columns-6\"><li id=\"tab-2026\" class=\"ive-title-item ive-title-item-1 ive-tab-alltitle-item ive-tab-title-item-0 ive-tabs-svg-show-always ive-tabs-icon-side-right ive-tab-title-inactive \"><a href=\"#tab-2026\" data-tab=\"1\" class=\"ive-tab-title ive-tab-title-1 ive-tab-alltitle-heading ive-tab-title-heading-0 d-block ive-tabs-xl-center text-center text-sm-center text-md-center\"><span class=\"ive-title-text\">2026<\/span><\/a><\/li><li id=\"tab-2025\" class=\"ive-title-item ive-title-item-2 ive-tab-alltitle-item ive-tab-title-item-1 ive-tabs-svg-show-always ive-tabs-icon-side-right ive-tab-title-active \"><a href=\"#tab-2025\" data-tab=\"2\" class=\"ive-tab-title ive-tab-title-2 ive-tab-alltitle-heading ive-tab-title-heading-1 d-block ive-tabs-xl-center text-center text-sm-center text-md-center\"><span class=\"ive-title-text\">2025<\/span><\/a><\/li><li id=\"tab-2024\" class=\"ive-title-item ive-title-item-3 ive-tab-alltitle-item ive-tab-title-item-2 ive-tabs-svg-show-always ive-tabs-icon-side-right ive-tab-title-inactive \"><a href=\"#tab-2024\" data-tab=\"3\" class=\"ive-tab-title ive-tab-title-3 ive-tab-alltitle-heading ive-tab-title-heading-2 d-block ive-tabs-xl-center text-center text-sm-center text-md-center\"><span class=\"ive-title-text\">2024<\/span><\/a><\/li><li id=\"tab-2023\" class=\"ive-title-item ive-title-item-4 ive-tab-alltitle-item ive-tab-title-item-3 ive-tabs-svg-show-always ive-tabs-icon-side-right ive-tab-title-inactive \"><a href=\"#tab-2023\" data-tab=\"4\" class=\"ive-tab-title ive-tab-title-4 ive-tab-alltitle-heading ive-tab-title-heading-3 d-block ive-tabs-xl-center text-center text-sm-center text-md-center\"><span class=\"ive-title-text\">2023<\/span><\/a><\/li><li id=\"tab-2022\" class=\"ive-title-item ive-title-item-5 ive-tab-alltitle-item ive-tab-title-item-4 ive-tabs-svg-show-always ive-tabs-icon-side-right ive-tab-title-inactive \"><a href=\"#tab-2022\" data-tab=\"5\" class=\"ive-tab-title ive-tab-title-5 ive-tab-alltitle-heading ive-tab-title-heading-4 d-block ive-tabs-xl-center text-center text-sm-center text-md-center\"><span class=\"ive-title-text\">2022<\/span><\/a><\/li><li id=\"tab-strong2021strong\" class=\"ive-title-item ive-title-item-6 ive-tab-alltitle-item ive-tab-title-item-5 ive-tabs-svg-show-always ive-tabs-icon-side-right ive-tab-title-inactive \"><a href=\"#tab-strong2021strong\" data-tab=\"6\" class=\"ive-tab-title ive-tab-title-6 ive-tab-alltitle-heading ive-tab-title-heading-5 d-block ive-tabs-xl-center text-center text-sm-center text-md-center\"><span class=\"ive-title-text\"><strong>2021<\/strong><\/span><\/a><\/li><\/ul><div class=\"ive-tabs-content-wrap\">\n<div class=\"wp-block-ive-tab ive-tab-inner-content ive-inner-tab-1 ive-inner-tab_7996e5-ca\"><div class=\"ive-tab-inner-content-inner\">\n<ul class=\"wp-block-list\">\n<li class=\"has-medium-font-size\"><a href=\"https:\/\/www.ladepeche.fr\/2026\/03\/16\/cyclospattes-change-de-braquet-pour-ouvrir-son-atelier-velo-13274754.php\"><strong>La D\u00e9p\u00eache <\/strong><em>: Pamiers. CyclosPattes change de braquet pour ouvrir son atelier v\u00e9lo<\/em><\/a><\/li>\n\n\n\n<li class=\"has-medium-font-size\"><a href=\"https:\/\/www.ladepeche.fr\/2026\/03\/06\/municipales-2026-a-pamiers-les-mots-velo-ou-marche-nont-jamais-ete-prononces-une-association-dusagers-du-velo-exprime-son-amertume-13251982.php\"> <strong>La D\u00e9p\u00eache <\/strong>: <em>Municipales 2026 \u00e0 Pamiers. \u00ab\u00a0Les mots \u00ab\u00a0v\u00e9lo\u00a0\u00bb ou \u00ab\u00a0marche\u00a0\u00bb n\u2019ont jamais \u00e9t\u00e9 prononc\u00e9s\u00a0\u00bb&nbsp;: une association d\u2019usagers du v\u00e9lo exprime son amertume<\/em> <\/a><\/li>\n\n\n\n<li><\/li>\n<\/ul>\n<\/div><\/div>\n\n\n\n<div class=\"wp-block-ive-tab ive-tab-inner-content ive-inner-tab-2 ive-inner-tab_b05e40-4f\"><div class=\"ive-tab-inner-content-inner\">\n<ul class=\"wp-block-list\">\n<li class=\"has-medium-font-size\"><a href=\"https:\/\/www.ladepeche.fr\/2025\/11\/22\/pamiers-lancien-hotel-baures-en-travaux-va-accueillir-cyclo-pattes-13065696.php\" target=\"_blank\" rel=\"noreferrer noopener\"><strong>La D\u00e9p\u00eache<\/strong> : <em>Pamiers&nbsp;: l\u2019ancien h\u00f4tel Baur\u00e8s, en travaux, va accueillir Cyclo Pattes<\/em><\/a><\/li>\n<\/ul>\n\n\n\n<p><\/p>\n\n\n\n<ul class=\"wp-block-list\">\n<li class=\"has-medium-font-size\"><a href=\"https:\/\/www.ladepeche.fr\/2025\/09\/17\/au-programme-des-journees-du-patrimoine-12935369.php\" target=\"_blank\" rel=\"noreferrer noopener\"><strong>La D\u00e9p\u00eache <\/strong>:  <em>Pamiers. Au programme des Journ\u00e9es du Patrimoine<\/em><\/a><\/li>\n<\/ul>\n\n\n\n<p><\/p>\n\n\n\n<ul class=\"wp-block-list\">\n<li class=\"has-medium-font-size\"><a href=\"https:\/\/www.ladepeche.fr\/2025\/01\/13\/lassociation-appameenne-cyclospattes-annonce-la-creation-de-la-premiere-velo-ecole-de-lariege-12437007.php\" target=\"_blank\" rel=\"noreferrer noopener\"><strong>La D\u00e9p\u00eache <\/strong>: <em>Pamiers&nbsp;: Cyclos Pattes anime le mois de mai autour de la mobilit\u00e9 douce<\/em><\/a><\/li>\n<\/ul>\n\n\n\n<p><\/p>\n\n\n\n<ul class=\"wp-block-list\">\n<li class=\"has-medium-font-size\"><a href=\"https:\/\/www.ladepeche.fr\/2025\/01\/13\/lassociation-appameenne-cyclospattes-annonce-la-creation-de-la-premiere-velo-ecole-de-lariege-12437007.php\" target=\"_blank\" rel=\"noreferrer noopener\"><strong>La D\u00e9p\u00eache <\/strong>: <em>L\u2019association appam\u00e9enne CyclosPattes annonce la cr\u00e9ation de la premi\u00e8re v\u00e9lo-\u00e9cole de l\u2019Ari\u00e8ge<\/em><\/a><\/li>\n<\/ul>\n\n\n\n<p><\/p>\n\n\n\n<ul class=\"wp-block-list\">\n<li class=\"has-medium-font-size\"><a href=\"https:\/\/podcloud.fr\/podcast\/ca-se-passe-autour-de-chez-vous-oxygenefm\/episode\/oxygene-fm-conference-cyclopattes?fbclid=IwY2xjawODK7dleHRuA2FlbQIxMQBicmlkETE0S1l4VzZXSDZxSDNCd08zc3J0YwZhcHBfaWQQMjIyMDM5MTc4ODIwMDg5MgABHgZ4Bd97UcvZggXzEw-kmM_eZM1XEc3o3PK4tkNO4AMzUJJ_zWzRCy55MXd-_aem_v_4HPP-g-sXthpK1LPKDUw\" target=\"_blank\" rel=\"noreferrer noopener\"><strong>Oxygene FM<\/strong> : <em>Conf\u00e9rence CyclosPattes<\/em><\/a><\/li>\n<\/ul>\n<\/div><\/div>\n\n\n\n<div class=\"wp-block-ive-tab ive-tab-inner-content ive-inner-tab-3 ive-inner-tab_d422e0-12\"><div class=\"ive-tab-inner-content-inner\">\n<ul class=\"wp-block-list\">\n<li class=\"has-medium-font-size\"><a href=\"https:\/\/www.ladepeche.fr\/2024\/09\/18\/semaine-de-la-mobilite-rendez-vous-ce-week-end-12204798.php\" target=\"_blank\" rel=\"noreferrer noopener\"><strong>La D\u00e9p\u00eache<\/strong> : <em>Pamiers. Semaine de la mobilit\u00e9 : rendez-vous ce week-end<\/em><\/a><\/li>\n<\/ul>\n\n\n\n<p><\/p>\n\n\n\n<ul class=\"wp-block-list\">\n<li class=\"has-medium-font-size\"><a href=\"https:\/\/www.ladepeche.fr\/2024\/09\/11\/semaine-de-la-mobilite-cyclo-pattes-met-le-turbo-12189446.php\" target=\"_blank\" rel=\"noreferrer noopener\"><strong>La D\u00e9p\u00eache<\/strong> : <em>Pamiers. Semaine de la mobilit\u00e9 : Cyclo Pattes met le turbo<\/em><\/a><\/li>\n<\/ul>\n<\/div><\/div>\n\n\n\n<div class=\"wp-block-ive-tab ive-tab-inner-content ive-inner-tab-4 ive-inner-tab_e02c73-88\"><div class=\"ive-tab-inner-content-inner\">\n<ul class=\"wp-block-list\">\n<li class=\"has-medium-font-size\"><a href=\"https:\/\/www.ladepeche.fr\/2023\/12\/05\/manifestations-a-gogo-pour-la-35e-edition-du-telethon-11621371.php\" target=\"_blank\" rel=\"noreferrer noopener\"><strong>La D\u00e9p\u00eache <\/strong>: <em>Pamiers. Manifestations \u00e0 gogo pour la 35e \u00e9dition du T\u00e9l\u00e9thon<\/em><\/a><\/li>\n<\/ul>\n<\/div><\/div>\n\n\n\n<div class=\"wp-block-ive-tab ive-tab-inner-content ive-inner-tab-5 ive-inner-tab_8894b5-47\"><div class=\"ive-tab-inner-content-inner\">\n<ul class=\"wp-block-list\">\n<li class=\"has-medium-font-size\"><a href=\"https:\/\/www.ladepeche.fr\/2022\/08\/12\/une-randonnee-a-velo-avec-lassociation-cyclopattes-10485059.php\" target=\"_blank\" rel=\"noreferrer noopener\"><strong>La D\u00e9p\u00eache <\/strong>: <em>Pamiers. Une randonn\u00e9e \u00e0 v\u00e9lo avec l\u2019association CycloPatt<\/em>es<\/a><\/li>\n<\/ul>\n\n\n\n<p><\/p>\n\n\n\n<ul class=\"wp-block-list\">\n<li class=\"has-medium-font-size\"><a href=\"https:\/\/www.ladepeche.fr\/2022\/08\/06\/salvayre-le-velo-oublie-10475236.php\" target=\"_blank\" rel=\"noreferrer noopener\"><strong>La D\u00e9p\u00eache <\/strong>: <em>Pamiers. Salvayre : le v\u00e9lo oubli\u00e9 ?<\/em><\/a><\/li>\n<\/ul>\n<\/div><\/div>\n\n\n\n<div class=\"wp-block-ive-tab ive-tab-inner-content ive-inner-tab-6 ive-inner-tab_825cd2-19\"><div class=\"ive-tab-inner-content-inner\">\n<ul class=\"wp-block-list\">\n<li class=\"has-medium-font-size\"><a href=\"https:\/\/www.ladepeche.fr\/2021\/06\/25\/velos-pietons-mobilites-douces-pamiers-a-vingt-ans-de-retard-9629870.php\" target=\"_blank\" rel=\"noreferrer noopener\"><strong>La D\u00e9p\u00eache <\/strong>: <em>V\u00e9los, pi\u00e9tons, mobilit\u00e9s douces : \u00ab\u00a0Pamiers a vingt ans de retard !\u00a0\u00bb<\/em><\/a><\/li>\n<\/ul>\n\n\n\n<p><\/p>\n\n\n\n<ul class=\"wp-block-list\">\n<li class=\"has-medium-font-size\"><a href=\"https:\/\/www.ladepeche.fr\/2021\/04\/19\/velo-les-cyclopattes-saluent-une-avancee-9496754.php\" target=\"_blank\" rel=\"noreferrer noopener\"><strong>La D\u00e9p\u00eache <\/strong>: <em>Pamiers. V\u00e9lo : les Cyclopattes saluent \u00ab\u00a0une avanc\u00e9e\u00a0\u00bb<\/em><\/a><\/li>\n<\/ul>\n\n\n\n<p><\/p>\n\n\n\n<ul class=\"wp-block-list\">\n<li class=\"has-medium-font-size\"><a href=\"https:\/\/www.ladepeche.fr\/2021\/02\/01\/cyclos-pattes-veut-mieux-rouler-dans-la-cite-9345797.php\" target=\"_blank\" rel=\"noreferrer noopener\"><strong>La D\u00e9p\u00eache <\/strong>: <em>L&rsquo;association Cyclos Pattes veut mieux rouler \u00e0 Pamiers<\/em><\/a><\/li>\n<\/ul>\n<\/div><\/div>\n<\/div><\/div><\/div>\n\n\n\n<p><\/p>\n\n\n\n<p><\/p>\n","protected":false},"excerpt":{"rendered":"","protected":false},"author":2,"featured_media":0,"parent":0,"menu_order":0,"comment_status":"closed","ping_status":"closed","template":"","meta":{"_regular_price":[],"currency_symbol":[],"footnotes":""},"class_list":["post-250","page","type-page","status-publish","hentry"],"post_slider_layout_featured_media_urls":{"thumbnail":"","post_slider_layout_landscape_large":"","post_slider_layout_portrait_large":"","post_slider_layout_square_large":"","post_slider_layout_landscape":"","post_slider_layout_portrait":"","post_slider_layout_square":"","full":""},"_links":{"self":[{"href":"https:\/\/cyclospattes.org\/index.php\/wp-json\/wp\/v2\/pages\/250","targetHints":{"allow":["GET"]}}],"collection":[{"href":"https:\/\/cyclospattes.org\/index.php\/wp-json\/wp\/v2\/pages"}],"about":[{"href":"https:\/\/cyclospattes.org\/index.php\/wp-json\/wp\/v2\/types\/page"}],"author":[{"embeddable":true,"href":"https:\/\/cyclospattes.org\/index.php\/wp-json\/wp\/v2\/users\/2"}],"replies":[{"embeddable":true,"href":"https:\/\/cyclospattes.org\/index.php\/wp-json\/wp\/v2\/comments?post=250"}],"version-history":[{"count":28,"href":"https:\/\/cyclospattes.org\/index.php\/wp-json\/wp\/v2\/pages\/250\/revisions"}],"predecessor-version":[{"id":631,"href":"https:\/\/cyclospattes.org\/index.php\/wp-json\/wp\/v2\/pages\/250\/revisions\/631"}],"wp:attachment":[{"href":"https:\/\/cyclospattes.org\/index.php\/wp-json\/wp\/v2\/media?parent=250"}],"curies":[{"name":"wp","href":"https:\/\/api.w.org\/{rel}","templated":true}]}}