{"id":222,"date":"2025-11-13T20:37:33","date_gmt":"2025-11-13T19:37:33","guid":{"rendered":"https:\/\/cyclospattes.org\/?page_id=222"},"modified":"2026-04-15T22:51:03","modified_gmt":"2026-04-15T20:51:03","slug":"lassociation","status":"publish","type":"page","link":"https:\/\/cyclospattes.org\/index.php\/lassociation\/","title":{"rendered":"L&rsquo;association"},"content":{"rendered":"\n<div style=\"height:64px\" aria-hidden=\"true\" class=\"wp-block-spacer\"><\/div>\n\n\n\n<h2 class=\"wp-block-heading\">Historique :<\/h2>\n\n\n\n<p><\/p>\n\n\n\n<p class=\"has-medium-font-size\">Courant novembre 2020, c&rsquo;est \u00e0 l&rsquo;issue d&rsquo;une r\u00e9union publique du <strong>Syndicat mixte de Sch\u00e9ma de Coh\u00e9rence Territoriale de la vall\u00e9e de l&rsquo;Ari\u00e8ge <\/strong><a href=\"https:\/\/scot-va.fr\/\" target=\"_blank\" rel=\"noreferrer noopener\"><strong>(SCoT)<\/strong><\/a> que plusieurs citoyens du bassin de vie de Pamiers ont souhait\u00e9 cr\u00e9er une association pour <strong>promouvoir l&rsquo;usage du v\u00e9lo au quotidien.<\/strong><br><br>Cette r\u00e9union avait \u00e9t\u00e9 organis\u00e9e par le Scot pour partager le plan v\u00e9lo de la vall\u00e9e de l&rsquo;Ari\u00e8ge depuis Tarascon jusqu&rsquo;aux limites du d\u00e9partement avec un public invit\u00e9 individuellement.<br><br>L&rsquo;association est ainsi cr\u00e9\u00e9e lors d&rsquo;une assembl\u00e9e constitutive<strong> le 02 d\u00e9cembre 2020 par 7 membres fondateurs. <\/strong>\u00c0 noter que c&rsquo;\u00e9tait \u00e0 la suite des \u00e9lections municipales de 2020. Nous avons choisi une organisation avec <strong>direction coll\u00e9giale<\/strong> qui nous a paru plus <strong>d\u00e9mocratique et conviviale<\/strong>.<br><br>L&rsquo;association est au d\u00e9part essentiellement<strong> militante avec des d\u00e9marches aupr\u00e8s des \u00e9lus et des services techniques des collectivit\u00e9s.<\/strong> Aujourd&rsquo;hui nos d\u00e9marches englobent toutes<strong> les communes autour de Pamiers <\/strong>: de la Communaut\u00e9 de Communes Portes Ari\u00e8ge Pyr\u00e9n\u00e9es, en incluant Varilhes et Verniolle de l&rsquo;Agglom\u00e9ration Foix-Varilhes et \u00e9galement des communes de la Communaut\u00e9 de Communes du pays de Mirepoix.<br><br>Nous sommes membre de la<a href=\"https:\/\/www.fub.fr\/\" target=\"_blank\" rel=\"noreferrer noopener\"> <strong>F\u00e9d\u00e9ration Fran\u00e7aise des Usagers de la Bicyclette<\/strong> (FUB)<\/a> depuis nos d\u00e9buts.<br><br><strong>Courant 2023<\/strong>, nous avons souhait\u00e9 nous engager dans un projet d&rsquo;<strong>atelier d&rsquo;auto-r\u00e9paration de v\u00e9los.<\/strong> La France est le premier pays europ\u00e9en en nombre d&rsquo;ateliers. Dans ce contexte, nous avons sign\u00e9 une <strong>convention avec l&rsquo;association <a href=\"https:\/\/www.regardsdefemmes.fr\/\" target=\"_blank\" rel=\"noreferrer noopener\">Regards de Femmes<\/a><\/strong> pour animer leur atelier du <strong>quartier du Foulon<\/strong>. Notre association est membre de la <strong>f\u00e9d\u00e9ration l&rsquo;<a href=\"https:\/\/www.heureux-cyclage.org\/?lang=fr\" target=\"_blank\" rel=\"noreferrer noopener\">Heureux Cyclage<\/a><\/strong> qui compte 484 ateliers (fin 2025). Nous avons un<strong> projet commun avec la mairie de Pamiers d&rsquo;ouvrir un atelier pr\u00e8s de la gare en 2026.<\/strong><br><br>En 2024 nous avons rejoint d\u00e8s ses d\u00e9buts le <strong><a href=\"https:\/\/collectif-velo-occitanie.fr\/\" target=\"_blank\" rel=\"noreferrer noopener\">Collectif V\u00e9lo Occitanie<\/a><\/strong> qui regroupe des associations similaires pour avoir voix au niveau <strong>r\u00e9gional,<\/strong> particuli\u00e8rement pour le <strong>transport ferroviaire<\/strong>.<br><br>En coh\u00e9rence avec ce qui se passe dans toute la France nous avons cr\u00e9\u00e9 <strong>une v\u00e9lo-\u00e9cole fin 2024<\/strong>. La FUB en recense aujourd&rsquo;hui plus de <strong>600<\/strong>. Aujourd&rsquo;hui, <strong>savoir faire du v\u00e9lo n&rsquo;est plus une comp\u00e9tence ma\u00eetris\u00e9e par tout un chacun.<\/strong> Et il ne suffit pas de savoir \u00eatre en \u00e9quilibre sur un cycle mais aussi de savoir <strong>\u00eatre dans l&rsquo;environnement sur la voie publique.<\/strong><br><br><strong>En 2025,<\/strong> nous avons adh\u00e9r\u00e9 \u00e0 l&rsquo;<a href=\"https:\/\/www.af3v.org\/\" target=\"_blank\" rel=\"noreferrer noopener\"><strong>Association Fran\u00e7aise pour le d\u00e9veloppement des V\u00e9loroutes et des Voies Vertes (AF3V)<\/strong> <\/a>pour marquer notre int\u00e9r\u00eat pour ces voies de communication qui sont utilis\u00e9es au quotidien \u00e0 l&rsquo;approche des villes.<br><br>Nous sommes en relation avec les autres associations du d\u00e9partement telles que <strong><a href=\"http:\/\/foix.fubicy.org\/\" target=\"_blank\" rel=\"noreferrer noopener\">V\u00e9l09<\/a><\/strong> et la <strong><a href=\"https:\/\/foixmobilites.org\/\" target=\"_blank\" rel=\"noreferrer noopener\">Maison des mobilit\u00e9s de Foix<\/a> et <a href=\"https:\/\/cyclovallees-du-couserans.org\/\">Cyclos Vall\u00e9es du <\/a><a href=\"https:\/\/cyclovallees-du-couserans.org\/\" target=\"_blank\" rel=\"noreferrer noopener\">Couserans<\/a><a href=\"https:\/\/cyclovallees-du-couserans.org\/\">.<\/a><\/strong> Gr\u00e2ce \u00e0 un collectif informel avec celles-ci nous avons pu initier une \u00e9coute au <strong>niveau du d\u00e9partement.<\/strong><\/p>\n\n\n\n<div style=\"height:64px\" aria-hidden=\"true\" class=\"wp-block-spacer\"><\/div>\n\n\n\n<h2 class=\"wp-block-heading\">Statuts et r\u00e8glement int\u00e9rieur :<\/h2>\n\n\n\n<p><\/p>\n\n\n\n<p class=\"has-medium-font-size\">Les statuts et le r\u00e8glement int\u00e9rieur de l&rsquo;association sont disponibles en cliquant sur les liens suivants : <\/p>\n\n\n\n<p class=\"has-text-align-center has-medium-font-size\"><a href=\"https:\/\/cloud.le-pic.org\/apps\/files\/files\/290534?dir=\/cyclospattes\/_Statuts%20et%20Doc%20Officielle&amp;editing=false&amp;openfile=true\" target=\"_blank\" rel=\"noreferrer noopener\"><strong>Statuts de l&rsquo;association<\/strong><\/a><\/p>\n\n\n\n<p><\/p>\n\n\n\n<p class=\"has-text-align-center has-medium-font-size\"><a href=\"https:\/\/cloud.le-pic.org\/apps\/files\/files\/595232?dir=\/cyclospattes\/_Statuts%20et%20Doc%20Officielle&amp;editing=false&amp;openfile=true\" target=\"_blank\" rel=\"noreferrer noopener\"><strong>R\u00e8glement int\u00e9rieur<\/strong><\/a><\/p>\n\n\n\n<p><\/p>\n\n\n\n<p class=\"has-medium-font-size\"><strong>Num\u00e9ro d&rsquo;enregistrement :<\/strong> W092005824<\/p>\n\n\n\n<p class=\"has-medium-font-size\"><\/p>\n\n\n\n<p class=\"has-medium-font-size\"><strong>Adresse postale :<\/strong> <em>Maison des Associations 7, bis Rue Saint Vincent BP 20170 09104 Pamiers Cedex<\/em><\/p>\n\n\n\n<p class=\"has-medium-font-size\"><\/p>\n\n\n\n<div style=\"height:64px\" aria-hidden=\"true\" class=\"wp-block-spacer\"><\/div>\n\n\n\n<p class=\"has-medium-font-size\"><\/p>\n\n\n\n<h2 class=\"wp-block-heading\"><strong>Liste des membres de la direction coll\u00e9giale : <\/strong><\/h2>\n\n\n\n<ul class=\"wp-block-list\">\n<li class=\"has-medium-font-size\">Louis&nbsp; &nbsp; &nbsp; &nbsp; &nbsp; &nbsp;  BAZERQUE<\/li>\n\n\n\n<li class=\"has-medium-font-size\">Caroline&nbsp; &nbsp; &nbsp;   DELATTRE<\/li>\n\n\n\n<li class=\"has-medium-font-size\">Romain         DELATTRE<\/li>\n\n\n\n<li class=\"has-medium-font-size\">Candice&nbsp; &nbsp; &nbsp;   DEPEYRE*<\/li>\n\n\n\n<li class=\"has-medium-font-size\">M\u00e9lanie&nbsp; &nbsp; &nbsp; &nbsp; HERTEREAU*<\/li>\n\n\n\n<li class=\"has-medium-font-size\">Marie Ange  LAGARDE &#8211; tr\u00e9sori\u00e8re<\/li>\n\n\n\n<li class=\"has-medium-font-size\">Aur\u00e9lie          LOUIS-NAPOLEON<\/li>\n\n\n\n<li class=\"has-medium-font-size\">Nancy&nbsp; &nbsp; &nbsp; &nbsp; &nbsp;  MAURY-LASCOUX<\/li>\n\n\n\n<li class=\"has-medium-font-size\">Est\u00e8ve&nbsp; &nbsp; &nbsp; &nbsp; &nbsp; MAZIER<\/li>\n\n\n\n<li class=\"has-medium-font-size\">P\u00e9n\u00e9lope&nbsp; &nbsp;  PAICHELER<\/li>\n\n\n\n<li class=\"has-medium-font-size\">Jean Luc&nbsp; &nbsp; &nbsp; PAVIOT*&nbsp;<\/li>\n\n\n\n<li class=\"has-medium-font-size\">Guillaume&nbsp; &nbsp; PICCO<\/li>\n<\/ul>\n\n\n\n<p class=\"has-small-font-size\"><\/p>\n\n\n\n<p class=\"has-small-font-size\">(* membre fondateur)<\/p>\n\n\n\n<div style=\"height:64px\" aria-hidden=\"true\" class=\"wp-block-spacer\"><\/div>\n\n\n\n<h2 class=\"wp-block-heading\">Comptes-rendus de r\u00e9union :<\/h2>\n\n\n\n<p><\/p>\n\n\n\n<div class=\"wp-block-ive-tabs alignnone\"><div class=\"ive-tabs-wrap ive-tabs-id_67ff11-72 ive-tabs-has-6-tabs ive-active-tab-2 ive-tabs-layout-tabs ive-tabs-tablet-layout-inherit ive-tabs-mobile-layout-inherit ive-tab-alignment-left \"><ul class=\"ive-tabs-title-list ive-tabs-list-columns ive-tab-title-columns-6\"><li id=\"tab-2026\" class=\"ive-title-item ive-title-item-1 ive-tab-alltitle-item ive-tab-title-item-0 ive-tabs-svg-show-always ive-tabs-icon-side-right ive-tab-title-inactive \"><a href=\"#tab-2026\" data-tab=\"1\" class=\"ive-tab-title ive-tab-title-1 ive-tab-alltitle-heading ive-tab-title-heading-0 d-block ive-tabs-xl-center text-center text-sm-center text-md-center\"><span class=\"ive-title-text\">2026<\/span><\/a><\/li><li id=\"tab-2025\" class=\"ive-title-item ive-title-item-2 ive-tab-alltitle-item ive-tab-title-item-1 ive-tabs-svg-show-always ive-tabs-icon-side-right ive-tab-title-active \"><a href=\"#tab-2025\" data-tab=\"2\" class=\"ive-tab-title ive-tab-title-2 ive-tab-alltitle-heading ive-tab-title-heading-1 d-block ive-tabs-xl-center text-center text-sm-center text-md-center\"><span class=\"ive-title-text\">2025<\/span><\/a><\/li><li id=\"tab-2024\" class=\"ive-title-item ive-title-item-3 ive-tab-alltitle-item ive-tab-title-item-2 ive-tabs-svg-show-always ive-tabs-icon-side-right ive-tab-title-inactive \"><a href=\"#tab-2024\" data-tab=\"3\" class=\"ive-tab-title ive-tab-title-3 ive-tab-alltitle-heading ive-tab-title-heading-2 d-block ive-tabs-xl-center text-center text-sm-center text-md-center\"><span class=\"ive-title-text\">2024<\/span><\/a><\/li><li id=\"tab-2023\" class=\"ive-title-item ive-title-item-4 ive-tab-alltitle-item ive-tab-title-item-3 ive-tabs-svg-show-always ive-tabs-icon-side-right ive-tab-title-inactive \"><a href=\"#tab-2023\" data-tab=\"4\" class=\"ive-tab-title ive-tab-title-4 ive-tab-alltitle-heading ive-tab-title-heading-3 d-block ive-tabs-xl-center text-center text-sm-center text-md-center\"><span class=\"ive-title-text\">2023<\/span><\/a><\/li><li id=\"tab-2022\" class=\"ive-title-item ive-title-item-5 ive-tab-alltitle-item ive-tab-title-item-4 ive-tabs-svg-show-always ive-tabs-icon-side-right ive-tab-title-inactive \"><a href=\"#tab-2022\" data-tab=\"5\" class=\"ive-tab-title ive-tab-title-5 ive-tab-alltitle-heading ive-tab-title-heading-4 d-block ive-tabs-xl-center text-center text-sm-center text-md-center\"><span class=\"ive-title-text\">2022<\/span><\/a><\/li><li id=\"tab-strong2021strong\" class=\"ive-title-item ive-title-item-6 ive-tab-alltitle-item ive-tab-title-item-5 ive-tabs-svg-show-always ive-tabs-icon-side-right ive-tab-title-inactive \"><a href=\"#tab-strong2021strong\" data-tab=\"6\" class=\"ive-tab-title ive-tab-title-6 ive-tab-alltitle-heading ive-tab-title-heading-5 d-block ive-tabs-xl-center text-center text-sm-center text-md-center\"><span class=\"ive-title-text\"><strong>2021<\/strong><\/span><\/a><\/li><\/ul><div class=\"ive-tabs-content-wrap\">\n<div class=\"wp-block-ive-tab ive-tab-inner-content ive-inner-tab-1 ive-inner-tab_c01e2a-79\"><div class=\"ive-tab-inner-content-inner\">\n<ul class=\"wp-block-list\">\n<li class=\"has-medium-font-size\"><a href=\"https:\/\/cloud.le-pic.org\/apps\/files\/files\/1049431?dir=\/cyclospattes\/CR%20r%C3%A9unions\/AG2026&amp;editing=false&amp;openfile=true\" target=\"_blank\" rel=\"noreferrer noopener\">Janvier<\/a><\/li>\n\n\n\n<li class=\"has-medium-font-size\"><a href=\"https:\/\/cloud.le-pic.org\/apps\/files\/files\/1070008?dir=\/cyclospattes\/CR%20r%C3%A9unions\/AG2026\/AG_Extra2026&amp;editing=false&amp;openfile=true\">F\u00e9vrier (AG extraordinaire <\/a>et <a href=\"https:\/\/cloud.le-pic.org\/apps\/files\/files\/1078429?dir=\/cyclospattes\/CR%20r%C3%A9unions\/2026&amp;editing=false&amp;openfile=true\">r\u00e9union mensuelle<\/a>)<\/li>\n\n\n\n<li class=\"has-medium-font-size\"><a href=\"https:\/\/cloud.le-pic.org\/s\/L3qoRr4GHj82mKK\">Mars<\/a><\/li>\n\n\n\n<li class=\"has-medium-font-size\"><a href=\"https:\/\/cloud.le-pic.org\/s\/EK7feRXtkWmPLQ6\">Avril<\/a><\/li>\n<\/ul>\n<\/div><\/div>\n\n\n\n<div class=\"wp-block-ive-tab ive-tab-inner-content ive-inner-tab-2 ive-inner-tab_b05e40-4f\"><div class=\"ive-tab-inner-content-inner\">\n<ul class=\"wp-block-list\">\n<li class=\"has-medium-font-size\"><a href=\"https:\/\/cloud.le-pic.org\/apps\/files\/files\/795748?dir=\/cyclospattes\/CR%20r%C3%A9unions\/2025&amp;editing=false&amp;openfile=true\" target=\"_blank\" rel=\"noreferrer noopener\">Janvier<\/a><\/li>\n\n\n\n<li class=\"has-medium-font-size\">F\u00e9vrier<\/li>\n\n\n\n<li class=\"has-medium-font-size\"><a href=\"https:\/\/cloud.le-pic.org\/apps\/files\/files\/841144?dir=\/cyclospattes\/CR%20r%C3%A9unions\/2025&amp;editing=false&amp;openfile=true\">Ma<\/a><a href=\"https:\/\/cloud.le-pic.org\/apps\/files\/files\/841144?dir=\/cyclospattes\/CR%20r%C3%A9unions\/2025&amp;editing=false&amp;openfile=true\" target=\"_blank\" rel=\"noreferrer noopener\">r<\/a><a href=\"https:\/\/cloud.le-pic.org\/apps\/files\/files\/841144?dir=\/cyclospattes\/CR%20r%C3%A9unions\/2025&amp;editing=false&amp;openfile=true\">s<\/a><\/li>\n\n\n\n<li class=\"has-medium-font-size\"><a href=\"https:\/\/cloud.le-pic.org\/apps\/files\/files\/873635?dir=\/cyclospattes\/CR%20r%C3%A9unions\/2025&amp;editing=false&amp;openfile=true\" target=\"_blank\" rel=\"noreferrer noopener\">Avril<\/a><\/li>\n\n\n\n<li class=\"has-medium-font-size\"><a href=\"https:\/\/cloud.le-pic.org\/apps\/files\/files\/887398?dir=\/cyclospattes\/CR%20r%C3%A9unions\/2025&amp;editing=false&amp;openfile=true\" target=\"_blank\" rel=\"noreferrer noopener\">Mai<\/a><\/li>\n\n\n\n<li class=\"has-medium-font-size\"><a href=\"https:\/\/cloud.le-pic.org\/apps\/files\/files\/914988?dir=\/cyclospattes\/CR%20r%C3%A9unions\/2025&amp;editing=false&amp;openfile=true\" target=\"_blank\" rel=\"noreferrer noopener\">Juin<\/a><\/li>\n\n\n\n<li class=\"has-medium-font-size\"><a href=\"https:\/\/cloud.le-pic.org\/apps\/files\/files\/921857?dir=\/cyclospattes\/CR%20r%C3%A9unions\/2025&amp;editing=false&amp;openfile=true\" target=\"_blank\" rel=\"noreferrer noopener\">Juillet<\/a><\/li>\n\n\n\n<li class=\"has-medium-font-size\">Ao\u00fbt<\/li>\n\n\n\n<li class=\"has-medium-font-size\"><a href=\"https:\/\/cloud.le-pic.org\/apps\/files\/files\/952441?dir=\/cyclospattes\/CR%20r%C3%A9unions\/2025&amp;editing=false&amp;openfile=true\" target=\"_blank\" rel=\"noreferrer noopener\">Septembre<\/a><\/li>\n\n\n\n<li class=\"has-medium-font-size\"><a href=\"https:\/\/cloud.le-pic.org\/apps\/files\/files\/983911?dir=\/cyclospattes\/CR%20r%C3%A9unions\/2025&amp;editing=false&amp;openfile=true\" target=\"_blank\" rel=\"noreferrer noopener\">Octobre<\/a><\/li>\n\n\n\n<li class=\"has-medium-font-size\"><a href=\"https:\/\/cloud.le-pic.org\/apps\/files\/files\/1008955?dir=\/cyclospattes\/CR%20r%C3%A9unions\/2025&amp;editing=false&amp;openfile=true\" target=\"_blank\" rel=\"noreferrer noopener\">Novembre<\/a><\/li>\n\n\n\n<li class=\"has-medium-font-size\"><a href=\"https:\/\/cloud.le-pic.org\/apps\/files\/files\/1025332?dir=\/cyclospattes\/CR%20r%C3%A9unions\/2025&amp;editing=false&amp;openfile=true\">D\u00e9cembre<\/a><\/li>\n<\/ul>\n<\/div><\/div>\n\n\n\n<div class=\"wp-block-ive-tab ive-tab-inner-content ive-inner-tab-3 ive-inner-tab_d422e0-12\"><div class=\"ive-tab-inner-content-inner\">\n<ul class=\"wp-block-list\">\n<li class=\"has-medium-font-size\"><a href=\"https:\/\/cloud.le-pic.org\/apps\/files\/files\/576089?dir=\/cyclospattes\/CR%20r%C3%A9unions\/2024&amp;editing=false&amp;openfile=true\" target=\"_blank\" rel=\"noreferrer noopener\">Janvier<\/a><\/li>\n\n\n\n<li class=\"has-medium-font-size\">F\u00e9vrier<\/li>\n\n\n\n<li class=\"has-medium-font-size\"><a href=\"https:\/\/cloud.le-pic.org\/apps\/files\/files\/612114?dir=\/cyclospattes\/CR%20r%C3%A9unions\/2024&amp;editing=false&amp;openfile=true\" target=\"_blank\" rel=\"noreferrer noopener\">Mars<\/a><\/li>\n\n\n\n<li class=\"has-medium-font-size\"><a href=\"https:\/\/cloud.le-pic.org\/apps\/files\/files\/629113?dir=\/cyclospattes\/CR%20r%C3%A9unions\/2024&amp;editing=false&amp;openfile=true\" target=\"_blank\" rel=\"noreferrer noopener\">Avril<\/a><\/li>\n\n\n\n<li class=\"has-medium-font-size\"><a href=\"https:\/\/cloud.le-pic.org\/apps\/files\/files\/642253?dir=\/cyclospattes\/CR%20r%C3%A9unions\/2024&amp;editing=false&amp;openfile=true\" target=\"_blank\" rel=\"noreferrer noopener\">Mai<\/a><\/li>\n\n\n\n<li class=\"has-medium-font-size\"><a href=\"https:\/\/cloud.le-pic.org\/apps\/files\/files\/656522?dir=\/cyclospattes\/CR%20r%C3%A9unions\/2024&amp;editing=false&amp;openfile=true\" target=\"_blank\" rel=\"noreferrer noopener\">Juin<\/a><\/li>\n\n\n\n<li class=\"has-medium-font-size\"><a href=\"https:\/\/cloud.le-pic.org\/apps\/files\/files\/674005?dir=\/cyclospattes\/CR%20r%C3%A9unions\/2024&amp;editing=false&amp;openfile=true\" target=\"_blank\" rel=\"noreferrer noopener\">Juillet<\/a><\/li>\n\n\n\n<li class=\"has-medium-font-size\">Ao\u00fbt<\/li>\n\n\n\n<li class=\"has-medium-font-size\"><a href=\"https:\/\/cloud.le-pic.org\/apps\/files\/files\/702074?dir=\/cyclospattes\/CR%20r%C3%A9unions\/2024&amp;editing=false&amp;openfile=true\" target=\"_blank\" rel=\"noreferrer noopener\">Septembre<\/a><\/li>\n\n\n\n<li class=\"has-medium-font-size\"><a href=\"https:\/\/cloud.le-pic.org\/apps\/files\/files\/731048?dir=\/cyclospattes\/CR%20r%C3%A9unions\/2024&amp;editing=false&amp;openfile=true\" target=\"_blank\" rel=\"noreferrer noopener\">Octobre<\/a><\/li>\n\n\n\n<li class=\"has-medium-font-size\"><a href=\"https:\/\/cloud.le-pic.org\/apps\/files\/files\/758426?dir=\/cyclospattes\/CR%20r%C3%A9unions\/2024&amp;editing=false&amp;openfile=true\" target=\"_blank\" rel=\"noreferrer noopener\">Novembre<\/a><\/li>\n\n\n\n<li class=\"has-medium-font-size\"><a href=\"https:\/\/cloud.le-pic.org\/apps\/files\/files\/776342?dir=\/cyclospattes\/CR%20r%C3%A9unions\/2024&amp;editing=false&amp;openfile=true\" target=\"_blank\" rel=\"noreferrer noopener\">D\u00e9cembre<\/a><\/li>\n<\/ul>\n<\/div><\/div>\n\n\n\n<div class=\"wp-block-ive-tab ive-tab-inner-content ive-inner-tab-4 ive-inner-tab_e02c73-88\"><div class=\"ive-tab-inner-content-inner\">\n<ul class=\"wp-block-list\">\n<li class=\"has-medium-font-size\"><\/li>\n<\/ul>\n<\/div><\/div>\n\n\n\n<div class=\"wp-block-ive-tab ive-tab-inner-content ive-inner-tab-5 ive-inner-tab_8894b5-47\"><div class=\"ive-tab-inner-content-inner\">\n<p><\/p>\n<\/div><\/div>\n\n\n\n<div class=\"wp-block-ive-tab ive-tab-inner-content ive-inner-tab-6 ive-inner-tab_825cd2-19\"><div class=\"ive-tab-inner-content-inner\"><\/div><\/div>\n<\/div><\/div><\/div>\n\n\n\n<p><\/p>\n","protected":false},"excerpt":{"rendered":"<p>Historique : Courant novembre 2020, c&rsquo;est \u00e0 l&rsquo;issue d&rsquo;une r\u00e9union publique du Syndicat mixte de Sch\u00e9ma de Coh\u00e9rence Territoriale de la vall\u00e9e de l&rsquo;Ari\u00e8ge (SCoT) que plusieurs citoyens du bassin de vie de Pamiers ont souhait\u00e9 cr\u00e9er une association pour promouvoir l&rsquo;usage du v\u00e9lo au quotidien. Cette r\u00e9union avait \u00e9t\u00e9 organis\u00e9e par le Scot pour [&hellip;]<\/p>\n","protected":false},"author":2,"featured_media":0,"parent":0,"menu_order":0,"comment_status":"closed","ping_status":"closed","template":"","meta":{"_regular_price":[],"currency_symbol":[],"footnotes":""},"class_list":["post-222","page","type-page","status-publish","hentry"],"post_slider_layout_featured_media_urls":{"thumbnail":"","post_slider_layout_landscape_large":"","post_slider_layout_portrait_large":"","post_slider_layout_square_large":"","post_slider_layout_landscape":"","post_slider_layout_portrait":"","post_slider_layout_square":"","full":""},"_links":{"self":[{"href":"https:\/\/cyclospattes.org\/index.php\/wp-json\/wp\/v2\/pages\/222","targetHints":{"allow":["GET"]}}],"collection":[{"href":"https:\/\/cyclospattes.org\/index.php\/wp-json\/wp\/v2\/pages"}],"about":[{"href":"https:\/\/cyclospattes.org\/index.php\/wp-json\/wp\/v2\/types\/page"}],"author":[{"embeddable":true,"href":"https:\/\/cyclospattes.org\/index.php\/wp-json\/wp\/v2\/users\/2"}],"replies":[{"embeddable":true,"href":"https:\/\/cyclospattes.org\/index.php\/wp-json\/wp\/v2\/comments?post=222"}],"version-history":[{"count":49,"href":"https:\/\/cyclospattes.org\/index.php\/wp-json\/wp\/v2\/pages\/222\/revisions"}],"predecessor-version":[{"id":644,"href":"https:\/\/cyclospattes.org\/index.php\/wp-json\/wp\/v2\/pages\/222\/revisions\/644"}],"wp:attachment":[{"href":"https:\/\/cyclospattes.org\/index.php\/wp-json\/wp\/v2\/media?parent=222"}],"curies":[{"name":"wp","href":"https:\/\/api.w.org\/{rel}","templated":true}]}}