{"id":163,"date":"2025-10-27T21:32:35","date_gmt":"2025-10-27T20:32:35","guid":{"rendered":"https:\/\/cyclospattes.org\/?page_id=163"},"modified":"2026-02-23T22:01:20","modified_gmt":"2026-02-23T21:01:20","slug":"remontee-des-anomalies","status":"publish","type":"page","link":"https:\/\/cyclospattes.org\/index.php\/remontee-des-anomalies\/","title":{"rendered":"D\u00e9placements dans Pamiers et alentours"},"content":{"rendered":"\n<p><\/p>\n\n\n\n<h2 class=\"wp-block-heading\">Carte des d\u00e9placements autour de Pamiers (en cours de cr\u00e9ation)<\/h2>\n\n\n\n<iframe style=\"width: 100%; height: 500px; border: 0;\" allowfullscreen allow=\"geolocation\" src=\"\/\/framacarte.org\/fr\/map\/pamiers-et-ses-environs_227683?scaleControl=false&#038;miniMap=false&#038;scrollWheelZoom=false&#038;zoomControl=true&#038;editMode=disabled&#038;moreControl=true&#038;searchControl=null&#038;tilelayersControl=null&#038;embedControl=null&#038;datalayersControl=true&#038;onLoadPanel=none&#038;captionBar=false&#038;captionMenus=true\"><\/iframe><p><a href=\"\/\/framacarte.org\/fr\/map\/pamiers-et-ses-environs_227683?scaleControl=false&#038;miniMap=false&#038;scrollWheelZoom=true&#038;zoomControl=true&#038;editMode=disabled&#038;moreControl=true&#038;searchControl=null&#038;tilelayersControl=null&#038;embedControl=null&#038;datalayersControl=true&#038;onLoadPanel=none&#038;captionBar=false&#038;captionMenus=true\">Voir en plein \u00e9cran<\/a><\/p>\n\n\n\n<p><\/p>\n\n\n\n<h2 class=\"wp-block-heading\">Remont\u00e9e des anomalies<\/h2>\n\n\n\n<p class=\"has-medium-font-size\">Diff\u00e9rents points n\u00e9gatifs ou positifs sont r\u00e9pertori\u00e9s sur la carte ci-dessous. Si vous souhaitez ajouter un point sur la carte, n&rsquo;h\u00e9sitez pas \u00e0 nous contacter par mail, en indiquant le lieu et le probl\u00e8me rencontr\u00e9.<\/p>\n\n\n<p><iframe loading=\"lazy\" src=\"\/\/framacarte.org\/fr\/map\/carte-des-points-noirs-des-cyclopattes_203215?scaleControl=false&amp;miniMap=false&amp;scrollWheelZoom=false&amp;zoomControl=true&amp;editMode=disabled&amp;moreControl=true&amp;searchControl=null&amp;tilelayersControl=null&amp;embedControl=null&amp;datalayersControl=true&amp;onLoadPanel=none&amp;captionBar=false&amp;captionMenus=true\" width=\"100%\" height=\"800px\" frameborder=\"0\" allowfullscreen=\"allowfullscreen\"><\/iframe><\/p>\n<p><a href=\"\/\/framacarte.org\/fr\/map\/carte-des-points-noirs-des-cyclopattes_203215?scaleControl=false&amp;miniMap=false&amp;scrollWheelZoom=true&amp;zoomControl=true&amp;editMode=disabled&amp;moreControl=true&amp;searchControl=null&amp;tilelayersControl=null&amp;embedControl=null&amp;datalayersControl=true&amp;onLoadPanel=none&amp;captionBar=false&amp;captionMenus=true\">Voir en plein \u00e9cran<\/a><\/p>\n\n\n<p><!-- <p>\/media<\/p>--><\/p>\n\n\n\n<p><\/p>\n\n\n\n<p class=\"has-text-align-center has-large-font-size\"><a href=\"https:\/\/cloud.le-pic.org\/s\/s3SSE2b4bZJz527?dir=\/&amp;editing=false&amp;openfile=true\" data-type=\"link\" data-id=\"https:\/\/cloud.le-pic.org\/s\/s3SSE2b4bZJz527?dir=\/&amp;editing=false&amp;openfile=true\" target=\"_blank\" rel=\"noreferrer noopener\">Notre manifeste<\/a><\/p>\n\n\n\n<p><\/p>\n\n\n\n<p class=\"has-medium-font-size\">Le <a href=\"https:\/\/www.barometre-velo.fr\/2025\/\"><strong>Barom\u00e8tre v\u00e9lo<\/strong><\/a> est une <strong>enqu\u00eate<\/strong> accessible en ligne (du 28 f\u00e9vrier au 3 juin pour 2025). \u00ab\u00a0Elle s\u2019adresse aussi bien aux personnes d\u00e9j\u00e0 cyclistes qu\u2019\u00e0 celles qui ne le sont pas, mais souhaiteraient le devenir si les conditions s\u2019am\u00e9liorent dans leur commune. Le Barom\u00e8tre v\u00e9lo prend la forme d\u2019un questionnaire de satisfaction portant sur plusieurs aspects : <strong>s\u00e9curit\u00e9, confort, infrastructures, services et engagement des collectivit\u00e9s\u00a0\u00bb (<\/strong>selon le <a href=\"https:\/\/www.barometre-velo.fr\/2025\/\">Barom\u00e8tre v\u00e9lo<\/a>)<strong>.<\/strong> Les r\u00e9sultats de l&rsquo;enqu\u00eate 2025 pour <strong>Pamiers<\/strong> est disponible <a href=\"https:\/\/barometre2025.derailleurs-calvados.fr\/09\/09225_pamiers.html\">ici<\/a>. La ville est not\u00e9e <strong>E<\/strong> (plut\u00f4t d\u00e9favorable \u00e0 la pratique du v\u00e9lo). Un des objectifs de l&rsquo;association Cyclos Pattes est que cette note s&rsquo;am\u00e9liore.  <\/p>\n\n\n\n<p><\/p>\n","protected":false},"excerpt":{"rendered":"<p>Carte des d\u00e9placements autour de Pamiers (en cours de cr\u00e9ation) Voir en plein \u00e9cran Remont\u00e9e des anomalies Diff\u00e9rents points n\u00e9gatifs ou positifs sont r\u00e9pertori\u00e9s sur la carte ci-dessous. Si vous souhaitez ajouter un point sur la carte, n&rsquo;h\u00e9sitez pas \u00e0 nous contacter par mail, en indiquant le lieu et le probl\u00e8me rencontr\u00e9. Voir en plein [&hellip;]<\/p>\n","protected":false},"author":2,"featured_media":0,"parent":0,"menu_order":0,"comment_status":"closed","ping_status":"closed","template":"","meta":{"_regular_price":[],"currency_symbol":[],"footnotes":""},"class_list":["post-163","page","type-page","status-publish","hentry"],"post_slider_layout_featured_media_urls":{"thumbnail":"","post_slider_layout_landscape_large":"","post_slider_layout_portrait_large":"","post_slider_layout_square_large":"","post_slider_layout_landscape":"","post_slider_layout_portrait":"","post_slider_layout_square":"","full":""},"_links":{"self":[{"href":"https:\/\/cyclospattes.org\/index.php\/wp-json\/wp\/v2\/pages\/163","targetHints":{"allow":["GET"]}}],"collection":[{"href":"https:\/\/cyclospattes.org\/index.php\/wp-json\/wp\/v2\/pages"}],"about":[{"href":"https:\/\/cyclospattes.org\/index.php\/wp-json\/wp\/v2\/types\/page"}],"author":[{"embeddable":true,"href":"https:\/\/cyclospattes.org\/index.php\/wp-json\/wp\/v2\/users\/2"}],"replies":[{"embeddable":true,"href":"https:\/\/cyclospattes.org\/index.php\/wp-json\/wp\/v2\/comments?post=163"}],"version-history":[{"count":26,"href":"https:\/\/cyclospattes.org\/index.php\/wp-json\/wp\/v2\/pages\/163\/revisions"}],"predecessor-version":[{"id":569,"href":"https:\/\/cyclospattes.org\/index.php\/wp-json\/wp\/v2\/pages\/163\/revisions\/569"}],"wp:attachment":[{"href":"https:\/\/cyclospattes.org\/index.php\/wp-json\/wp\/v2\/media?parent=163"}],"curies":[{"name":"wp","href":"https:\/\/api.w.org\/{rel}","templated":true}]}}