{"id":159,"date":"2025-10-27T21:32:34","date_gmt":"2025-10-27T20:32:34","guid":{"rendered":"https:\/\/cyclospattes.org\/?page_id=159"},"modified":"2026-03-15T19:23:51","modified_gmt":"2026-03-15T18:23:51","slug":"atelier-dauto-reparation","status":"publish","type":"page","link":"https:\/\/cyclospattes.org\/index.php\/atelier-dauto-reparation\/","title":{"rendered":"Ateliers d&rsquo;auto-r\u00e9paration"},"content":{"rendered":"\n<p><\/p>\n\n\n\n<div class=\"wp-block-media-text is-stacked-on-mobile\" style=\"grid-template-columns:40% auto\"><figure class=\"wp-block-media-text__media\"><img loading=\"lazy\" decoding=\"async\" width=\"640\" height=\"480\" src=\"https:\/\/cyclospattes.org\/wp-content\/uploads\/2025\/11\/IMG_3324.jpeg\" alt=\"\" class=\"wp-image-311 size-full\" srcset=\"https:\/\/cyclospattes.org\/wp-content\/uploads\/2025\/11\/IMG_3324.jpeg 640w, https:\/\/cyclospattes.org\/wp-content\/uploads\/2025\/11\/IMG_3324-300x225.jpeg 300w\" sizes=\"auto, (max-width: 640px) 100vw, 640px\" \/><\/figure><div class=\"wp-block-media-text__content\">\n<h2 class=\"wp-block-heading\">Atelier du Foulon (en collaboration avec l&rsquo;association Regards de Femmes)<\/h2>\n\n\n\n<p><\/p>\n\n\n\n<p><\/p>\n\n\n\n<p class=\"has-medium-font-size\">Aujourd&rsquo;hui, nous animons un <strong>atelier<\/strong> avec l&rsquo;association <strong>Regards de Femmes<\/strong> dans le quartier du Foulon. Celui-ci est log\u00e9 dans un garage. L&rsquo;activit\u00e9 est principalement orient\u00e9e vers l&rsquo;<strong>accompagnement des enfants et des m\u00e8res du quartier<\/strong>. Il est ouvert sous conditions de m\u00e9t\u00e9o favorable <strong>un mercredi apr\u00e8s midi sur deux les semaines paires<\/strong>.\u00a0<\/p>\n\n\n\n<p class=\"has-medium-font-size\">Aujourd&rsquo;hui, nous animons un <strong>atelier<\/strong> avec l&rsquo;association <strong>Regards de Femmes<\/strong> dans le quartier du Foulon. Celui-ci est log\u00e9 dans un garage. L&rsquo;activit\u00e9 est principalement orient\u00e9e vers l&rsquo;<strong>accompagnement des enfants et des m\u00e8res du quartier<\/strong>. Il est ouvert sous conditions de m\u00e9t\u00e9o favorable <strong>un mercredi apr\u00e8s midi sur deux les semaines paires<\/strong>.\u00a0<\/p>\n\n\n\n<p><\/p>\n\n\n\n<p><\/p>\n<\/div><\/div>\n\n\n\n<div class=\"wp-block-media-text is-stacked-on-mobile\" style=\"grid-template-columns:40% auto\"><figure class=\"wp-block-media-text__media\"><img loading=\"lazy\" decoding=\"async\" width=\"576\" height=\"1024\" src=\"https:\/\/cyclospattes.org\/wp-content\/uploads\/2026\/03\/IMG_20260314_143017-1-1-576x1024.jpg\" alt=\"\" class=\"wp-image-621 size-full\" srcset=\"https:\/\/cyclospattes.org\/wp-content\/uploads\/2026\/03\/IMG_20260314_143017-1-1-576x1024.jpg 576w, https:\/\/cyclospattes.org\/wp-content\/uploads\/2026\/03\/IMG_20260314_143017-1-1-169x300.jpg 169w, https:\/\/cyclospattes.org\/wp-content\/uploads\/2026\/03\/IMG_20260314_143017-1-1-768x1365.jpg 768w, https:\/\/cyclospattes.org\/wp-content\/uploads\/2026\/03\/IMG_20260314_143017-1-1-864x1536.jpg 864w, https:\/\/cyclospattes.org\/wp-content\/uploads\/2026\/03\/IMG_20260314_143017-1-1-1152x2048.jpg 1152w, https:\/\/cyclospattes.org\/wp-content\/uploads\/2026\/03\/IMG_20260314_143017-1-1-scaled.jpg 1440w\" sizes=\"auto, (max-width: 576px) 100vw, 576px\" \/><\/figure><div class=\"wp-block-media-text__content\">\n<h2 class=\"wp-block-heading\">Atelier de l&rsquo;h\u00f4tel Baur\u00e8s (en face de la gare)<\/h2>\n\n\n\n<p><\/p>\n\n\n\n<p class=\"has-medium-font-size\">Mais notre volont\u00e9 est de toucher toute la population du bassin de Pamiers : autant les v\u00e9lo-taffeurs que les familles gr\u00e2ce \u00e0 un local \u00e9quip\u00e9 des commodit\u00e9s (eau, \u00e9lectricit\u00e9) et suffisamment d&rsquo;espace pour op\u00e9rer \u00e0 l&rsquo;abri des conditions m\u00e9t\u00e9orologiques.&nbsp;<\/p>\n\n\n\n<p class=\"has-medium-font-size\">Nous remercions la<strong>  <a href=\"https:\/\/www.ville-pamiers.fr\/\"> Mairie de Pamiers<\/a><\/strong> qui a accompagn\u00e9 notre d\u00e9marche en nous proposant la v\u00e9randa de l&rsquo;ancien <strong>h\u00f4tel Baur\u00e8s<\/strong> localis\u00e9e judicieusement pr\u00e8s de la gare et avec un large trottoir devant.<\/p>\n\n\n\n<p class=\"has-medium-font-size\">Nous avons re\u00e7u les cl\u00e9s en mars <strong>2026<\/strong>. Apr\u00e8s un temps d&rsquo;am\u00e9nagement et d&rsquo;\u00e9quipement, ce local sera disponible pour les activit\u00e9s associ\u00e9es \u00e0 un atelier d&rsquo;auto-r\u00e9paration : <strong>accompagnement des personnes par la d\u00e9livrance de conseils ou d&rsquo;outils pour l&rsquo;entretien de leur cycle par leur soin, cours th\u00e9matiques sur la m\u00e9canique du v\u00e9lo, s\u00e9ances de \u00ab\u00a0cannibalisation\u00a0\u00bb de v\u00e9los<\/strong> pour en apprendre encore plus, etc.<\/p>\n\n\n\n<p class=\"has-medium-font-size\">Cet atelier sera accessible moyennant une adh\u00e9sion modique.<\/p>\n\n\n\n<p class=\"has-medium-font-size\">Nous esp\u00e9rons vous <strong>rencontrer<\/strong> bient\u00f4t en ce futur haut lieu de la sph\u00e8re v\u00e9lo \u00e0 Pamiers !<\/p>\n<\/div><\/div>\n","protected":false},"excerpt":{"rendered":"<p>Atelier du Foulon (en collaboration avec l&rsquo;association Regards de Femmes) Aujourd&rsquo;hui, nous animons un atelier avec l&rsquo;association Regards de Femmes dans le quartier du Foulon. Celui-ci est log\u00e9 dans un garage. L&rsquo;activit\u00e9 est principalement orient\u00e9e vers l&rsquo;accompagnement des enfants et des m\u00e8res du quartier. Il est ouvert sous conditions de m\u00e9t\u00e9o favorable un mercredi apr\u00e8s [&hellip;]<\/p>\n","protected":false},"author":2,"featured_media":0,"parent":0,"menu_order":0,"comment_status":"closed","ping_status":"closed","template":"","meta":{"_regular_price":[],"currency_symbol":[],"footnotes":""},"class_list":["post-159","page","type-page","status-publish","hentry"],"post_slider_layout_featured_media_urls":{"thumbnail":"","post_slider_layout_landscape_large":"","post_slider_layout_portrait_large":"","post_slider_layout_square_large":"","post_slider_layout_landscape":"","post_slider_layout_portrait":"","post_slider_layout_square":"","full":""},"_links":{"self":[{"href":"https:\/\/cyclospattes.org\/index.php\/wp-json\/wp\/v2\/pages\/159","targetHints":{"allow":["GET"]}}],"collection":[{"href":"https:\/\/cyclospattes.org\/index.php\/wp-json\/wp\/v2\/pages"}],"about":[{"href":"https:\/\/cyclospattes.org\/index.php\/wp-json\/wp\/v2\/types\/page"}],"author":[{"embeddable":true,"href":"https:\/\/cyclospattes.org\/index.php\/wp-json\/wp\/v2\/users\/2"}],"replies":[{"embeddable":true,"href":"https:\/\/cyclospattes.org\/index.php\/wp-json\/wp\/v2\/comments?post=159"}],"version-history":[{"count":10,"href":"https:\/\/cyclospattes.org\/index.php\/wp-json\/wp\/v2\/pages\/159\/revisions"}],"predecessor-version":[{"id":624,"href":"https:\/\/cyclospattes.org\/index.php\/wp-json\/wp\/v2\/pages\/159\/revisions\/624"}],"wp:attachment":[{"href":"https:\/\/cyclospattes.org\/index.php\/wp-json\/wp\/v2\/media?parent=159"}],"curies":[{"name":"wp","href":"https:\/\/api.w.org\/{rel}","templated":true}]}}