{"id":158,"date":"2025-10-27T21:32:34","date_gmt":"2025-10-27T20:32:34","guid":{"rendered":"https:\/\/cyclospattes.org\/?page_id=158"},"modified":"2025-11-25T19:21:16","modified_gmt":"2025-11-25T18:21:16","slug":"velo-ecole-2","status":"publish","type":"page","link":"https:\/\/cyclospattes.org\/index.php\/velo-ecole-2\/","title":{"rendered":"V\u00e9lo-\u00e9cole"},"content":{"rendered":"\n<p><\/p>\n\n\n\n<p class=\"has-medium-font-size\"><\/p>\n\n\n\n<div class=\"wp-block-group\"><div class=\"wp-block-group__inner-container is-layout-constrained wp-block-group-is-layout-constrained\">\n<p class=\"has-medium-font-size\">Cr\u00e9\u00e9e en janvier 2025, notre v\u00e9lo-\u00e9cole est\u202f<strong>ouverte&nbsp;\u00e0 toutes et tous, adultes ou enfants<\/strong>,\u202fquelque&nbsp;soit le niveau de ma\u00eetrise du v\u00e9lo.&nbsp;Pour apprendre le v\u00e9lo, se d\u00e9placer en ville, se remettre en selle, aller travailler en p\u00e9dalant ; la v\u00e9lo-\u00e9cole, c\u2019est la th\u00e9orie et la pratique !&nbsp;<\/p>\n\n\n\n<p class=\"has-medium-font-size\">La v\u00e9lo \u00e9cole est destin\u00e9e \u00e0 des personnes qui n\u2019ont jamais fait de v\u00e9lo ou, qui ont fait du v\u00e9lo, mais ne se sentent pas \u00e0 l\u2019aise dans la circulation.&nbsp;<br>Le but est de :&nbsp;<\/p>\n<\/div><\/div>\n\n\n\n<div class=\"wp-block-group has-medium-font-size\"><div class=\"wp-block-group__inner-container is-layout-constrained wp-block-group-is-layout-constrained\">\n<div class=\"wp-block-group .post p {  line-height: 1.5em; }\"><div class=\"wp-block-group__inner-container is-layout-constrained wp-block-group-is-layout-constrained\">\n<p class=\"has-medium-font-size\">&#8211;  (r\u00e9)apprendre \u00e0 faire du v\u00e9lo&nbsp;<\/p>\n\n\n\n<p class=\"has-medium-font-size\">&#8211; \u00eatre&nbsp;\u00e0 l\u2019aise pour circuler en ville&nbsp;<\/p>\n\n\n\n<p class=\"has-medium-font-size\">&#8211; avoir&nbsp;des conseils pour entretenir son v\u00e9lo&nbsp;<\/p>\n<\/div><\/div>\n<\/div><\/div>\n\n\n\n<p class=\"has-medium-font-size\">Les cours sont encadr\u00e9s par un animateur\u00b7ice mobilit\u00e9 v\u00e9lo dipl\u00f4m\u00e9\u00b7e.<\/p>\n\n\n\n<p><\/p>\n\n\n\n<p><\/p>\n\n\n\n<figure class=\"wp-block-embed is-type-video is-provider-youtube wp-block-embed-youtube wp-embed-aspect-16-9 wp-has-aspect-ratio\"><div class=\"wp-block-embed__wrapper\">\n<iframe loading=\"lazy\" title=\"Ve\u0301lo-e\u0301coles FUB - Pr\u00e9sentation Vid\u00e9o\" width=\"640\" height=\"360\" src=\"https:\/\/www.youtube.com\/embed\/sAcZdqsI1vE?feature=oembed\" frameborder=\"0\" allow=\"accelerometer; autoplay; clipboard-write; encrypted-media; gyroscope; picture-in-picture; web-share\" referrerpolicy=\"strict-origin-when-cross-origin\" allowfullscreen><\/iframe>\n<\/div><\/figure>\n\n\n\n<div class=\"wp-block-group has-medium-font-size\"><div class=\"wp-block-group__inner-container is-layout-constrained wp-block-group-is-layout-constrained\">\n<p class=\"has-medium-font-size\">Elle&nbsp;est membre du r\u00e9seau des 250 v\u00e9los \u00e9cole FUB (F\u00e9d\u00e9ration des Usagers et Usag\u00e8res de la Bicyclette).&nbsp;<\/p>\n\n\n\n<p class=\"has-medium-font-size\">L&rsquo;activit\u00e9&nbsp;de notre&nbsp;v\u00e9lo-\u00e9cole a \u00e9galement une forte vocation sociale (animation de quartier, sant\u00e9, insertion sociale et professionnelle).&nbsp;<\/p>\n\n\n\n<p class=\"has-medium-font-size\">Grace \u00e0 nos moniteurs v\u00e9lo dipl\u00f4m\u00e9s d\u2019Etat (BP JEPS activit\u00e9s du cyclisme et CQP Animateur Mobilit\u00e9 V\u00e9lo), nous proposons des sessions de qualit\u00e9, professionnelles et en s\u00e9curit\u00e9.&nbsp;<\/p>\n\n\n\n<p class=\"has-medium-font-size\">Nous b\u00e9n\u00e9ficions de l\u2019appui de la municipalit\u00e9 de Pamiers (subventions et lieux de pratique) et pouvons aussi proposer du pr\u00eat de v\u00e9lo lors des s\u00e9ances.&nbsp;<\/p>\n<\/div><\/div>\n\n\n\n<p><\/p>\n\n\n\n<p><\/p>\n\n\n\n<div class=\"wp-block-group\"><div class=\"wp-block-group__inner-container is-layout-constrained wp-block-group-is-layout-constrained\">\n<div class=\"wp-block-group has-medium-font-size\"><div class=\"wp-block-group__inner-container is-layout-constrained wp-block-group-is-layout-constrained\">\n<h2 class=\"wp-block-heading\">Nous proposons\u202f:&nbsp;&nbsp;<\/h2>\n\n\n\n<ul class=\"wp-block-list\">\n<li>L&rsquo;apprentissage v\u00e9lo pour les scolaires\u202f<\/li>\n\n\n\n<li>Cycles v\u00e9lo SRAV\u202f<\/li>\n\n\n\n<li>Savoir Rouler \u00e0 V\u00e9lo\u00a0dans les \u00e9coles primaires et coll\u00e8ges de la Communaut\u00e9 de Communes Portes Ari\u00e8ge Pyr\u00e9n\u00e9es<\/li>\n<\/ul>\n<\/div><\/div>\n<\/div><\/div>\n\n\n\n<p><\/p>\n\n\n\n<figure class=\"wp-block-gallery has-nested-images columns-default is-cropped wp-block-gallery-1 is-layout-flex wp-block-gallery-is-layout-flex\">\n<figure class=\"wp-block-image size-large is-style-rounded\"><img loading=\"lazy\" decoding=\"async\" width=\"576\" height=\"1024\" data-id=\"440\" src=\"https:\/\/cyclospattes.org\/wp-content\/uploads\/2025\/11\/IMG_20251107_115629_351-576x1024.jpg\" alt=\"\" class=\"wp-image-440\" srcset=\"https:\/\/cyclospattes.org\/wp-content\/uploads\/2025\/11\/IMG_20251107_115629_351-576x1024.jpg 576w, https:\/\/cyclospattes.org\/wp-content\/uploads\/2025\/11\/IMG_20251107_115629_351-169x300.jpg 169w, https:\/\/cyclospattes.org\/wp-content\/uploads\/2025\/11\/IMG_20251107_115629_351-768x1365.jpg 768w, https:\/\/cyclospattes.org\/wp-content\/uploads\/2025\/11\/IMG_20251107_115629_351-864x1536.jpg 864w, https:\/\/cyclospattes.org\/wp-content\/uploads\/2025\/11\/IMG_20251107_115629_351.jpg 1080w\" sizes=\"auto, (max-width: 576px) 100vw, 576px\" \/><\/figure>\n\n\n\n<figure class=\"wp-block-image size-large is-style-rounded\"><img loading=\"lazy\" decoding=\"async\" width=\"1920\" height=\"2560\" data-id=\"445\" src=\"https:\/\/cyclospattes.org\/wp-content\/uploads\/2025\/11\/IMG_20251106_114652-1-scaled.jpg\" alt=\"\" class=\"wp-image-445\" srcset=\"https:\/\/cyclospattes.org\/wp-content\/uploads\/2025\/11\/IMG_20251106_114652-1-scaled.jpg 1920w, https:\/\/cyclospattes.org\/wp-content\/uploads\/2025\/11\/IMG_20251106_114652-1-225x300.jpg 225w\" sizes=\"auto, (max-width: 1920px) 100vw, 1920px\" \/><\/figure>\n\n\n\n<figure class=\"wp-block-image size-large is-style-rounded\"><img loading=\"lazy\" decoding=\"async\" width=\"576\" height=\"1024\" data-id=\"443\" src=\"https:\/\/cyclospattes.org\/wp-content\/uploads\/2025\/11\/IMG_20251113_111702_050-576x1024.jpg\" alt=\"\" class=\"wp-image-443\" srcset=\"https:\/\/cyclospattes.org\/wp-content\/uploads\/2025\/11\/IMG_20251113_111702_050-576x1024.jpg 576w, https:\/\/cyclospattes.org\/wp-content\/uploads\/2025\/11\/IMG_20251113_111702_050-169x300.jpg 169w, https:\/\/cyclospattes.org\/wp-content\/uploads\/2025\/11\/IMG_20251113_111702_050-768x1365.jpg 768w, https:\/\/cyclospattes.org\/wp-content\/uploads\/2025\/11\/IMG_20251113_111702_050-864x1536.jpg 864w, https:\/\/cyclospattes.org\/wp-content\/uploads\/2025\/11\/IMG_20251113_111702_050.jpg 1080w\" sizes=\"auto, (max-width: 576px) 100vw, 576px\" \/><\/figure>\n<\/figure>\n\n\n\n<h2 class=\"wp-block-heading\"><strong>Les enjeux du \u00ab Savoir Rouler \u00e0 v\u00e9lo \u00bb<\/strong>&nbsp;<\/h2>\n\n\n\n<div class=\"wp-block-group\"><div class=\"wp-block-group__inner-container is-layout-constrained wp-block-group-is-layout-constrained\">\n<div class=\"wp-block-group has-medium-font-size\"><div class=\"wp-block-group__inner-container is-layout-constrained wp-block-group-is-layout-constrained\">\n<p class=\"has-medium-font-size\">Le 9 janvier 2018, le Comit\u00e9 Interminist\u00e9riel \u00e0 la S\u00e9curit\u00e9 Routi\u00e8re (CISR), pr\u00e9sid\u00e9 par le Premier ministre, a adopt\u00e9 une mesure visant \u00e0 \u00ab\u202f<strong>accompagner le d\u00e9veloppement de la pratique du v\u00e9lo en toute s\u00e9curit\u00e9 \u00bb<\/strong>.&nbsp;<\/p>\n\n\n\n<p class=\"has-medium-font-size\">L\u2019op\u00e9ration\u00ab\u202f<strong><em>Savoir rouler \u00e0 v\u00e9lo\u202f\u00bb\u202f<\/em><\/strong>permet de porter cette mesure qui vise la\u202f<strong>g\u00e9n\u00e9ralisation de l\u2019apprentissage de la pratique du v\u00e9lo en autonomie<\/strong>\u202fpour l\u2019ensemble des enfants avant l\u2019entr\u00e9e au coll\u00e8ge. Le\u202f\u00ab\u202fSavoir Rouler \u00e0 V\u00e9lo\u202f\u00bb\u202fpermet aux enfants de b\u00e9n\u00e9ficier des apprentissages n\u00e9cessaires \u00e0 une\u202f<strong>r\u00e9elle autonomie \u00e0 v\u00e9lo<\/strong>.&nbsp;<\/p>\n\n\n\n<p class=\"has-medium-font-size\">Grace \u00e0 un cycle de 10 h minimum,\u202f <strong>cette formation vise \u00e0 donner aux enfants les comp\u00e9tences n\u00e9cessaires<\/strong>\u202fpour se d\u00e9placer en s\u00e9curit\u00e9 sur la voie publique.\u00a0<\/p>\n\n\n\n<p class=\"has-medium-font-size\">Ce dispositif se compose de\u202f<strong>trois blocs d\u2019apprentissage<\/strong>\u202fde la mobilit\u00e9 \u00e0 v\u00e9lo qui peuvent \u00eatre dispens\u00e9s aussi bien sur le\u202f<strong>temps scolaire, que p\u00e9riscolaire.<\/strong>&nbsp;<\/p>\n\n\n\n<ul class=\"wp-block-list\">\n<li>Cycles v\u00e9lo \u00e9gaux\u202f: mise et remise en selle aupr\u00e8s d\u2019un public particulier.\u00a0Le programme V\u00e9lo-\u00c9gaux accompagne les personnes rencontrant des difficult\u00e9s financi\u00e8res pour apprendre \u00e0 faire du v\u00e9lo et disposer de leur propre v\u00e9lo, afin de faciliter leurs d\u00e9placements.\u00a0<\/li>\n<\/ul>\n\n\n\n<ul class=\"wp-block-list\">\n<li>Cycles\u00a0\u00ab\u202fv\u00e9lotaff\u202f\u00bb\u202fen entreprises et collectivit\u00e9s\u202f: valoriser la mobilit\u00e9 \u00e0 v\u00e9lo depuis son domicile jusqu\u2019\u00e0 son lieu de travail.\u00a0<\/li>\n<\/ul>\n\n\n\n<ul class=\"wp-block-list\">\n<li>Cycles \u00ab\u202fv\u00e9lo sant\u00e9\u202f\u00bb\u202f: pour\u00a0les personnes voulant\u00a0b\u00e9n\u00e9fici\u00e9 d\u2019un accompagnement adapt\u00e9 pour sortir de la s\u00e9dentarit\u00e9.\u00a0<\/li>\n<\/ul>\n\n\n\n<ul class=\"wp-block-list\">\n<li>Atelier m\u00e9canique v\u00e9lo, par th\u00e9matique (freinage, pneumatiques, transmission\u2026)\u00a0<\/li>\n<\/ul>\n\n\n\n<ul class=\"wp-block-list\">\n<li>Animation mobilit\u00e9 \u00ab\u202fle code vu du ciel\u202f\u00bb, animations d\u00e9veloppement durable, code du cycliste\u2026\u00a0<\/li>\n<\/ul>\n\n\n\n<p class=\"has-medium-font-size\">Pour les particuliers, les entreprises, les administrations et les centres sociaux, quelque soit votre \u00e2ge, un animateur dipl\u00f4m\u00e9 vous accompagnera jusqu\u2019\u00e0 l\u2019autonomie et jusqu\u2019\u00e0 ce que vous soyez s\u00fbr de vous \u00e0 v\u00e9lo, toujours en fonction de vos objectifs !\u00a0<\/p>\n<\/div><\/div>\n<\/div><\/div>\n\n\n\n<h2 class=\"wp-block-heading\">Fonctionnement et tarifs<\/h2>\n\n\n\n<div class=\"wp-block-group\"><div class=\"wp-block-group__inner-container is-layout-constrained wp-block-group-is-layout-constrained\">\n<div class=\"wp-block-group has-medium-font-size\"><div class=\"wp-block-group__inner-container is-layout-constrained wp-block-group-is-layout-constrained\">\n<div class=\"wp-block-group has-medium-font-size\"><div class=\"wp-block-group__inner-container is-layout-constrained wp-block-group-is-layout-constrained\">\n<p class=\"has-medium-font-size\">L\u2019inscription est possible pour tout personne&nbsp;int\u00e9ress\u00e9e par une s\u00e9ance.&nbsp;L\u2019adh\u00e9sion \u00e0 l\u2019association est conseill\u00e9e.&nbsp;<\/p>\n\n\n\n<p class=\"has-medium-font-size\">Les cours se d\u00e9roulent\u00a0la plupart du temps au terrain de sport du Pont des Carmes, \u00e0 Pamiers pour les appam\u00e9ens. Pour les autres demandes, nous nous adaptons.\u00a0L\u2019animateur\u00b7ice\u00a0peut aussi d\u00e9finir un autre lieu avec vous en amont.\u00a0<\/p>\n\n\n\n<h3 class=\"wp-block-heading has-medium-font-size\">Horaires&nbsp;<\/h3>\n\n\n\n<p class=\"has-medium-font-size\">Les horaires de la V\u00e9lo-\u00e9cole sont variables en fonction des saisons et disponibles aussi sur notre page\u00a0<a href=\"https:\/\/www.facebook.com\/cyclospattespamiers\/\">facebook<\/a>.\u00a0Chaque s\u00e9ance dure 1h30.\u00a0\u00a0<\/p>\n\n\n\n<p class=\"has-medium-font-size\">Attention, pour le bon d\u00e9roulement des s\u00e9ances, les cours manqu\u00e9s ne sont pas rattrap\u00e9s, et nous vous demandons de pr\u00e9venir 2 jours avant, en cas d\u2019emp\u00eachement.&nbsp;<\/p>\n<\/div><\/div>\n\n\n\n<h3 class=\"wp-block-heading has-medium-font-size\">Tarifs&nbsp;s\u00e9ances et cycles&nbsp;<\/h3>\n\n\n\n<ul class=\"wp-block-list\">\n<li>S\u00e9ance : 10 euros en collectif \u00e0 partir de 5\u202f; Carte de 5 s\u00e9ances en collectif\u202f: 45 euros.\u00a0<\/li>\n<\/ul>\n\n\n\n<ul class=\"wp-block-list\">\n<li>Cours individuel\u202f: 50 euros\u00a0<\/li>\n<\/ul>\n\n\n\n<ul class=\"wp-block-list\">\n<li>Cycle SRAV\u202f:\u00a0devis sur demande\u00a0( Base\u202f: 250 euros\/ jour)\u00a0<\/li>\n<\/ul>\n\n\n\n<ul class=\"wp-block-list\">\n<li>Intervention atelier\u00a0( mobilit\u00e9\/ m\u00e9canique)\u202f: 150 euros pour 2H d\u2019atelier\u00a0<\/li>\n<\/ul>\n\n\n\n<div class=\"wp-block-group has-medium-font-size\"><div class=\"wp-block-group__inner-container is-layout-constrained wp-block-group-is-layout-constrained\">\n<p class=\"has-medium-font-size\">DEVIS SUR DEMANDE.&nbsp;<\/p>\n\n\n\n<h3 class=\"wp-block-heading has-medium-font-size\" style=\"text-transform:none\">\u00c9quipements obligatoires ou conseill\u00e9s :\u00a0<\/h3>\n\n\n\n<div class=\"wp-block-group\"><div class=\"wp-block-group__inner-container is-layout-constrained wp-block-group-is-layout-constrained\">\n<p class=\"\/* Harmoniser totalement les listes avec le texte (paragraphes) *\/ .entry-content ul, ol, li { font-family: inherit !important; font-size: line-height: letter-spacing: color: font-weight: } l'espacement des lignes dans margin-bottom: 0.5em; ajuste si besoin l\u2019indentation (retrait) ol margin-left: 1.2em valeur propre et \u00e9quilibr\u00e9e padding-left: 0 Style puces (optionnel, remet standard du navigateur) ul list-style-type: disc decimal has-medium-font-size\">Nous vous conseillons de vous \u00e9quiper le plus t\u00f4t possible de votre propre v\u00e9lo, afin de progresser plus rapidement en pratiquant tr\u00e8s r\u00e9guli\u00e8rement.\u00a0Cyclos &amp; Pattes\u00a0peut vous conseiller dans l\u2019achat de votre v\u00e9lo.\u00a0<\/p>\n\n\n\n<p class=\"has-medium-font-size\">Le casque est obligatoire pour pratiquer lors des s\u00e9ances en milieu ferm\u00e9 et ouvert. L\u2019association peut vous en pr\u00eater, mais vous pouvez venir avec le v\u00f4tre \u00e9galement. Lors des sorties en milieu ouvert, le port du gilet-jaune est lui aussi obligatoire&nbsp;pour \u00eatre vu par les autres usagers.&nbsp;<\/p>\n\n\n\n<p class=\"has-medium-font-size\">Nous vous demandons de venir avec de l\u2019eau, des chaussures adapt\u00e9es \u00e0 la pratique, ainsi qu\u2019un v\u00eatement de pluie en cas de mauvais temps.&nbsp;<\/p>\n<\/div><\/div>\n<\/div><\/div>\n<\/div><\/div>\n<\/div><\/div>\n\n\n\n<p><\/p>\n\n\n<div class=\"wp-block-image is-style-rounded\">\n<figure class=\"aligncenter size-full\"><img loading=\"lazy\" decoding=\"async\" width=\"262\" height=\"351\" src=\"https:\/\/cyclospattes.org\/wp-content\/uploads\/2025\/11\/image.png\" alt=\"\" class=\"wp-image-451\" srcset=\"https:\/\/cyclospattes.org\/wp-content\/uploads\/2025\/11\/image.png 262w, https:\/\/cyclospattes.org\/wp-content\/uploads\/2025\/11\/image-224x300.png 224w\" sizes=\"auto, (max-width: 262px) 100vw, 262px\" \/><\/figure>\n<\/div>\n\n\n<p class=\"has-medium-font-size\">Int\u00e9ress\u00e9\u00b7es&nbsp;pour en apprendre davantage sur les V\u00e9lo-\u00e9coles\u202f? D\u00e9couvrez le r\u00e9seau des v\u00e9lo-\u00e9coles en France sur\u202f<a href=\"https:\/\/www.fub.fr\/velo-ecoles\" target=\"_blank\" rel=\"noreferrer noopener\">le site de la F\u00e9d\u00e9ration des Usagers de la Bicyclette<\/a>.&nbsp;<\/p>\n\n\n\n<p><\/p>\n","protected":false},"excerpt":{"rendered":"<p>Cr\u00e9\u00e9e en janvier 2025, notre v\u00e9lo-\u00e9cole est\u202fouverte&nbsp;\u00e0 toutes et tous, adultes ou enfants,\u202fquelque&nbsp;soit le niveau de ma\u00eetrise du v\u00e9lo.&nbsp;Pour apprendre le v\u00e9lo, se d\u00e9placer en ville, se remettre en selle, aller travailler en p\u00e9dalant ; la v\u00e9lo-\u00e9cole, c\u2019est la th\u00e9orie et la pratique !&nbsp; La v\u00e9lo \u00e9cole est destin\u00e9e \u00e0 des personnes qui n\u2019ont jamais [&hellip;]<\/p>\n","protected":false},"author":2,"featured_media":0,"parent":0,"menu_order":0,"comment_status":"closed","ping_status":"closed","template":"","meta":{"_regular_price":[],"currency_symbol":[],"footnotes":""},"class_list":["post-158","page","type-page","status-publish","hentry"],"post_slider_layout_featured_media_urls":{"thumbnail":"","post_slider_layout_landscape_large":"","post_slider_layout_portrait_large":"","post_slider_layout_square_large":"","post_slider_layout_landscape":"","post_slider_layout_portrait":"","post_slider_layout_square":"","full":""},"_links":{"self":[{"href":"https:\/\/cyclospattes.org\/index.php\/wp-json\/wp\/v2\/pages\/158","targetHints":{"allow":["GET"]}}],"collection":[{"href":"https:\/\/cyclospattes.org\/index.php\/wp-json\/wp\/v2\/pages"}],"about":[{"href":"https:\/\/cyclospattes.org\/index.php\/wp-json\/wp\/v2\/types\/page"}],"author":[{"embeddable":true,"href":"https:\/\/cyclospattes.org\/index.php\/wp-json\/wp\/v2\/users\/2"}],"replies":[{"embeddable":true,"href":"https:\/\/cyclospattes.org\/index.php\/wp-json\/wp\/v2\/comments?post=158"}],"version-history":[{"count":25,"href":"https:\/\/cyclospattes.org\/index.php\/wp-json\/wp\/v2\/pages\/158\/revisions"}],"predecessor-version":[{"id":467,"href":"https:\/\/cyclospattes.org\/index.php\/wp-json\/wp\/v2\/pages\/158\/revisions\/467"}],"wp:attachment":[{"href":"https:\/\/cyclospattes.org\/index.php\/wp-json\/wp\/v2\/media?parent=158"}],"curies":[{"name":"wp","href":"https:\/\/api.w.org\/{rel}","templated":true}]}}