{"id":125,"date":"2025-10-23T19:09:11","date_gmt":"2025-10-23T17:09:11","guid":{"rendered":"https:\/\/cyclospattes.org\/?page_id=125"},"modified":"2025-10-23T19:14:45","modified_gmt":"2025-10-23T17:14:45","slug":"comment-adherer","status":"publish","type":"page","link":"https:\/\/cyclospattes.org\/index.php\/comment-adherer\/","title":{"rendered":"Comment adh\u00e9rer ?"},"content":{"rendered":"\n<p><\/p>\n\n\n\n<p><\/p>\n\n\n\n<p class=\"has-medium-font-size\">Nous accueillons toute personne qui souhaite contribuer \u00e0 l\u2019am\u00e9lioration des conditions de d\u00e9placement, n&rsquo;h\u00e9sitez pas \u00e0 adh\u00e9rer !<\/p>\n\n\n\n<p class=\"has-medium-font-size\">L\u2019association se r\u00e9unit une fois par mois, le second lundi du mois, \u00e0 20h15, \u00e0 la Maison des Associations.<\/p>\n\n\n\n<p class=\"has-medium-font-size\"><\/p>\n\n\n\n<p class=\"has-medium-font-size\" style=\"font-style:normal;font-weight:600\">Cotisation  : 10 \u20ac (15\u20ac pour les familles)<\/p>\n\n\n\n<p class=\"has-medium-font-size\"><\/p>\n\n\n\n<p class=\"has-medium-font-size\">Vous pouvez adh\u00e9rer en ligne:&nbsp;<a href=\"http:\/\/www.helloasso.com\/associations\/cyclos-et-pattes\/adhesions\/adhesion\">http:\/\/www.helloasso.com\/associations\/cyclos-et-pattes\/adhesions\/adhesion<\/a><\/p>\n\n\n\n<p class=\"has-medium-font-size\"><\/p>\n\n\n\n<p class=\"has-medium-font-size\">Ou bien d\u00e9poser votre ch\u00e8que et vos coordonn\u00e9es \u00e0 :<\/p>\n\n\n\n<p class=\"has-medium-font-size\"><em>Cyclos &amp; Pattes \u2013 Maison des Associations \u2013 7bis, rue St Vincent BP20170 \u2013 09104 Pamiers cedex<\/em>&nbsp;ou nous pouvons vous transmettre notre RIB via mail.<\/p>\n\n\n\n<p><\/p>\n","protected":false},"excerpt":{"rendered":"<p>Nous accueillons toute personne qui souhaite contribuer \u00e0 l\u2019am\u00e9lioration des conditions de d\u00e9placement, n&rsquo;h\u00e9sitez pas \u00e0 adh\u00e9rer ! L\u2019association se r\u00e9unit une fois par mois, le second lundi du mois, \u00e0 20h15, \u00e0 la Maison des Associations. Cotisation : 10 \u20ac (15\u20ac pour les familles) Vous pouvez adh\u00e9rer en ligne:&nbsp;http:\/\/www.helloasso.com\/associations\/cyclos-et-pattes\/adhesions\/adhesion Ou bien d\u00e9poser votre ch\u00e8que [&hellip;]<\/p>\n","protected":false},"author":2,"featured_media":0,"parent":0,"menu_order":0,"comment_status":"closed","ping_status":"closed","template":"","meta":{"_regular_price":[],"currency_symbol":[],"footnotes":""},"class_list":["post-125","page","type-page","status-publish","hentry"],"post_slider_layout_featured_media_urls":{"thumbnail":"","post_slider_layout_landscape_large":"","post_slider_layout_portrait_large":"","post_slider_layout_square_large":"","post_slider_layout_landscape":"","post_slider_layout_portrait":"","post_slider_layout_square":"","full":""},"_links":{"self":[{"href":"https:\/\/cyclospattes.org\/index.php\/wp-json\/wp\/v2\/pages\/125","targetHints":{"allow":["GET"]}}],"collection":[{"href":"https:\/\/cyclospattes.org\/index.php\/wp-json\/wp\/v2\/pages"}],"about":[{"href":"https:\/\/cyclospattes.org\/index.php\/wp-json\/wp\/v2\/types\/page"}],"author":[{"embeddable":true,"href":"https:\/\/cyclospattes.org\/index.php\/wp-json\/wp\/v2\/users\/2"}],"replies":[{"embeddable":true,"href":"https:\/\/cyclospattes.org\/index.php\/wp-json\/wp\/v2\/comments?post=125"}],"version-history":[{"count":5,"href":"https:\/\/cyclospattes.org\/index.php\/wp-json\/wp\/v2\/pages\/125\/revisions"}],"predecessor-version":[{"id":134,"href":"https:\/\/cyclospattes.org\/index.php\/wp-json\/wp\/v2\/pages\/125\/revisions\/134"}],"wp:attachment":[{"href":"https:\/\/cyclospattes.org\/index.php\/wp-json\/wp\/v2\/media?parent=125"}],"curies":[{"name":"wp","href":"https:\/\/api.w.org\/{rel}","templated":true}]}}